{"id":29,"date":"2026-02-25T19:27:32","date_gmt":"2026-02-25T16:27:32","guid":{"rendered":"https:\/\/wberto.com\/index.php\/hakkimizda\/"},"modified":"2026-02-27T15:13:09","modified_gmt":"2026-02-27T12:13:09","slug":"hakkimizda","status":"publish","type":"page","link":"https:\/\/wberto.com\/index.php\/hakkimizda\/","title":{"rendered":"Hakk\u0131m\u0131zda"},"content":{"rendered":"\n<div class=\"wp-block-columns alignwide is-layout-flex wp-container-core-columns-is-layout-28f84493 wp-block-columns-is-layout-flex\">\n<div class=\"wp-block-column is-layout-flow wp-block-column-is-layout-flow\" style=\"flex-basis:20%\"><\/div>\n\n\n\n<div class=\"wp-block-column has-global-padding is-layout-constrained wp-block-column-is-layout-constrained\">\n<p>Moda ge\u00e7ici bir kavramd\u0131r; kal\u0131c\u0131 olan stil, duru\u015f ve markan\u0131n b\u0131rakt\u0131\u011f\u0131 izdir.<br>Bu bilin\u00e7le yola \u00e7\u0131kan <strong>W Berto<\/strong>, i\u015fletmenizin kurumsal kimli\u011fini en do\u011fru \u015fekilde yans\u0131tan, estetik ve fonksiyonelli\u011fi bir arada sunan profesyonel personel \u00fcniformalar\u0131 tasarlar ve \u00fcretir.<\/p>\n\n\n\n<p>Bizim i\u00e7in \u00fcniforma yaln\u0131zca bir k\u0131yafet de\u011fil; markan\u0131z\u0131n sahadaki temsilcisidir. \u00c7al\u0131\u015fanlar\u0131n\u0131z\u0131n g\u00fcn boyu rahat edebilmesi, \u00f6zg\u00fcvenle hareket edebilmesi ve kurumunuzu en iyi \u015fekilde yans\u0131tabilmesi \u00f6nceli\u011fimizdir. Bu nedenle tasar\u0131m s\u00fcrecinden \u00fcretime kadar her a\u015famada kalite, konfor, dayan\u0131kl\u0131l\u0131k ve \u015f\u0131kl\u0131\u011f\u0131 bir arada sunuyoruz.<\/p>\n\n\n\n<p>W Berto olarak personel giyimine yenilik\u00e7i bir bak\u0131\u015f a\u00e7\u0131s\u0131 kazand\u0131rmay\u0131 hedefliyoruz. Modern \u00e7izgileri, zamans\u0131z tasar\u0131m anlay\u0131\u015f\u0131yla birle\u015ftirirken; sekt\u00f6r\u00fcn\u00fcze, konseptinize ve marka kimli\u011finize \u00f6zel \u00e7\u00f6z\u00fcmler geli\u015ftiriyoruz. Kuma\u015f se\u00e7iminden kal\u0131p detaylar\u0131na, renk uyumundan i\u015flevsel tasar\u0131m unsurlar\u0131na kadar her ayr\u0131nt\u0131y\u0131 titizlikle planl\u0131yoruz.<\/p>\n\n\n\n<p>Gen\u00e7, dinamik ve alan\u0131nda deneyimli ekibimizle; her i\u015fletmenin kendine \u00f6zg\u00fc bir hik\u00e2yesi oldu\u011funa inan\u0131yor, bu hik\u00e2yeyi tasar\u0131mlar\u0131m\u0131zla g\u00f6r\u00fcn\u00fcr k\u0131l\u0131yoruz. Amac\u0131m\u0131z yaln\u0131zca \u00fcniforma \u00fcretmek de\u011fil; markan\u0131za de\u011fer katan, profesyonel imaj\u0131n\u0131z\u0131 g\u00fc\u00e7lendiren ve \u00e7al\u0131\u015fan memnuniyetini art\u0131ran \u00e7\u00f6z\u00fcmler sunmakt\u0131r.<\/p>\n\n\n\n<p>W Berto ile stiliniz zamans\u0131z, duru\u015funuz g\u00fc\u00e7l\u00fc, kurumsal kimli\u011finiz ise her zaman bir ad\u0131m \u00f6nde olur.<\/p>\n\n\n\n<figure class=\"wp-block-image alignright size-large is-resized\"><img loading=\"lazy\" decoding=\"async\" width=\"1024\" height=\"527\" src=\"https:\/\/wberto.com\/wp-content\/uploads\/2026\/02\/wberto-1024x527.png\" alt=\"\" class=\"wp-image-7\" style=\"aspect-ratio:1.9431373571912984;width:241px;height:auto\" srcset=\"https:\/\/wberto.com\/wp-content\/uploads\/2026\/02\/wberto-1024x527.png 1024w, https:\/\/wberto.com\/wp-content\/uploads\/2026\/02\/wberto-300x154.png 300w, https:\/\/wberto.com\/wp-content\/uploads\/2026\/02\/wberto-768x395.png 768w, https:\/\/wberto.com\/wp-content\/uploads\/2026\/02\/wberto.png 1454w\" sizes=\"auto, (max-width: 1024px) 100vw, 1024px\" \/><\/figure>\n<\/div>\n\n\n\n<div class=\"wp-block-column is-layout-flow wp-block-column-is-layout-flow\" style=\"flex-basis:20%\"><\/div>\n<\/div>\n\n\n\n<p><\/p>\n","protected":false},"excerpt":{"rendered":"<p>Moda ge\u00e7ici bir kavramd\u0131r; kal\u0131c\u0131 olan stil, duru\u015f ve markan\u0131n b\u0131rakt\u0131\u011f\u0131 izdir.Bu bilin\u00e7le yola \u00e7\u0131kan W Berto, i\u015fletmenizin kurumsal kimli\u011fini en do\u011fru \u015fekilde yans\u0131tan, estetik ve fonksiyonelli\u011fi bir arada sunan profesyonel personel \u00fcniformalar\u0131 tasarlar ve \u00fcretir. Bizim i\u00e7in \u00fcniforma yaln\u0131zca bir k\u0131yafet de\u011fil; markan\u0131z\u0131n sahadaki temsilcisidir. \u00c7al\u0131\u015fanlar\u0131n\u0131z\u0131n g\u00fcn boyu rahat edebilmesi, \u00f6zg\u00fcvenle hareket edebilmesi ve [&hellip;]<\/p>\n","protected":false},"author":1,"featured_media":0,"parent":0,"menu_order":0,"comment_status":"closed","ping_status":"closed","template":"","meta":{"footnotes":""},"class_list":["post-29","page","type-page","status-publish","hentry"],"_links":{"self":[{"href":"https:\/\/wberto.com\/index.php\/wp-json\/wp\/v2\/pages\/29","targetHints":{"allow":["GET"]}}],"collection":[{"href":"https:\/\/wberto.com\/index.php\/wp-json\/wp\/v2\/pages"}],"about":[{"href":"https:\/\/wberto.com\/index.php\/wp-json\/wp\/v2\/types\/page"}],"author":[{"embeddable":true,"href":"https:\/\/wberto.com\/index.php\/wp-json\/wp\/v2\/users\/1"}],"replies":[{"embeddable":true,"href":"https:\/\/wberto.com\/index.php\/wp-json\/wp\/v2\/comments?post=29"}],"version-history":[{"count":5,"href":"https:\/\/wberto.com\/index.php\/wp-json\/wp\/v2\/pages\/29\/revisions"}],"predecessor-version":[{"id":99,"href":"https:\/\/wberto.com\/index.php\/wp-json\/wp\/v2\/pages\/29\/revisions\/99"}],"wp:attachment":[{"href":"https:\/\/wberto.com\/index.php\/wp-json\/wp\/v2\/media?parent=29"}],"curies":[{"name":"wp","href":"https:\/\/api.w.org\/{rel}","templated":true}]}}