{"id":77,"date":"2026-02-27T14:40:56","date_gmt":"2026-02-27T11:40:56","guid":{"rendered":"https:\/\/wberto.com\/index.php\/referanslarimiz\/"},"modified":"2026-03-13T18:05:34","modified_gmt":"2026-03-13T15:05:34","slug":"referanslarimiz","status":"publish","type":"page","link":"https:\/\/wberto.com\/index.php\/referanslarimiz\/","title":{"rendered":"Referanslar\u0131m\u0131z"},"content":{"rendered":"\n<p><\/p>\n\n\n\n<div class=\"wp-block-group responsive-spacing has-global-padding is-layout-constrained wp-container-core-group-is-layout-9ca29dac wp-block-group-is-layout-constrained\" style=\"margin-top:0;margin-bottom:0;padding-top:20px;padding-right:20px;padding-bottom:50px;padding-left:20px\">\n<div class=\"wp-block-group alignwide responsive-spacing has-base-2-background-color has-background is-layout-grid wp-container-core-group-is-layout-1e27b32a wp-block-group-is-layout-grid\" style=\"border-radius:20px;margin-top:0;margin-bottom:0;padding-top:0px;padding-right:0px;padding-bottom:0px;padding-left:0px\">\n<figure class=\"wp-block-image size-full\"><img loading=\"lazy\" decoding=\"async\" width=\"100\" height=\"100\" src=\"https:\/\/wberto.com\/wp-content\/uploads\/2026\/02\/referans-19.jpg\" alt=\"\" class=\"wp-image-70\"\/><\/figure>\n\n\n\n<figure class=\"wp-block-image size-full\"><img loading=\"lazy\" decoding=\"async\" width=\"100\" height=\"100\" src=\"https:\/\/wberto.com\/wp-content\/uploads\/2026\/02\/referans-20.jpg\" alt=\"\" class=\"wp-image-71\" style=\"object-fit:cover\"\/><\/figure>\n\n\n\n<figure class=\"wp-block-image size-full\"><img loading=\"lazy\" decoding=\"async\" width=\"100\" height=\"100\" src=\"https:\/\/wberto.com\/wp-content\/uploads\/2026\/02\/referans-18.jpg\" alt=\"\" class=\"wp-image-69\" style=\"object-fit:cover\"\/><\/figure>\n\n\n\n<figure class=\"wp-block-image size-full\"><img loading=\"lazy\" decoding=\"async\" width=\"100\" height=\"100\" src=\"https:\/\/wberto.com\/wp-content\/uploads\/2026\/02\/referans-1.jpg\" alt=\"\" class=\"wp-image-52\"\/><\/figure>\n\n\n\n<figure class=\"wp-block-image size-full\"><img loading=\"lazy\" decoding=\"async\" width=\"100\" height=\"100\" src=\"https:\/\/wberto.com\/wp-content\/uploads\/2026\/02\/referans-17.jpg\" alt=\"\" class=\"wp-image-68\"\/><\/figure>\n\n\n\n<figure class=\"wp-block-image size-full\"><img loading=\"lazy\" decoding=\"async\" width=\"100\" height=\"100\" src=\"https:\/\/wberto.com\/wp-content\/uploads\/2026\/02\/referans-16.jpg\" alt=\"\" class=\"wp-image-67\"\/><\/figure>\n\n\n\n<figure class=\"wp-block-image size-full\"><img loading=\"lazy\" decoding=\"async\" width=\"100\" height=\"100\" src=\"https:\/\/wberto.com\/wp-content\/uploads\/2026\/02\/referans-15.jpg\" alt=\"\" class=\"wp-image-66\"\/><\/figure>\n\n\n\n<figure class=\"wp-block-image size-full\"><img loading=\"lazy\" decoding=\"async\" width=\"100\" height=\"100\" src=\"https:\/\/wberto.com\/wp-content\/uploads\/2026\/02\/referans-10.jpg\" alt=\"\" class=\"wp-image-61\"\/><\/figure>\n\n\n\n<figure class=\"wp-block-image size-full\"><img loading=\"lazy\" decoding=\"async\" width=\"100\" height=\"100\" src=\"https:\/\/wberto.com\/wp-content\/uploads\/2026\/02\/referans-14.jpg\" alt=\"\" class=\"wp-image-65\"\/><\/figure>\n\n\n\n<figure class=\"wp-block-image size-full\"><img loading=\"lazy\" decoding=\"async\" width=\"100\" height=\"100\" src=\"https:\/\/wberto.com\/wp-content\/uploads\/2026\/02\/referans-13.jpg\" alt=\"\" class=\"wp-image-64\"\/><\/figure>\n\n\n\n<figure class=\"wp-block-image size-full\"><img loading=\"lazy\" decoding=\"async\" width=\"100\" height=\"100\" src=\"https:\/\/wberto.com\/wp-content\/uploads\/2026\/02\/referans-3.jpg\" alt=\"\" class=\"wp-image-54\"\/><\/figure>\n\n\n\n<figure class=\"wp-block-image size-full\"><img loading=\"lazy\" decoding=\"async\" width=\"100\" height=\"100\" src=\"https:\/\/wberto.com\/wp-content\/uploads\/2026\/02\/referans-7.jpg\" alt=\"\" class=\"wp-image-58\"\/><\/figure>\n\n\n\n<figure class=\"wp-block-image size-full is-style-default\"><img loading=\"lazy\" decoding=\"async\" width=\"100\" height=\"100\" src=\"https:\/\/wberto.com\/wp-content\/uploads\/2026\/02\/referans-11.jpg\" alt=\"\" class=\"wp-image-62\" style=\"object-fit:cover\"\/><\/figure>\n\n\n\n<figure class=\"wp-block-image size-full\"><img loading=\"lazy\" decoding=\"async\" width=\"100\" height=\"100\" src=\"https:\/\/wberto.com\/wp-content\/uploads\/2026\/02\/referans-9.jpg\" alt=\"\" class=\"wp-image-60\" style=\"object-fit:cover\"\/><\/figure>\n\n\n\n<figure class=\"wp-block-image size-full\"><img loading=\"lazy\" decoding=\"async\" width=\"100\" height=\"100\" src=\"https:\/\/wberto.com\/wp-content\/uploads\/2026\/02\/referans-8.jpg\" alt=\"\" class=\"wp-image-59\"\/><\/figure>\n<\/div>\n\n\n\n<div class=\"wp-block-group responsive-spacing has-base-2-background-color has-background is-layout-grid wp-container-core-group-is-layout-1e27b32a wp-block-group-is-layout-grid\" style=\"border-radius:20px;margin-top:0;margin-bottom:0;padding-top:0px;padding-right:0px;padding-bottom:0px;padding-left:0px\">\n<figure class=\"wp-block-image size-full\"><img loading=\"lazy\" decoding=\"async\" width=\"100\" height=\"100\" src=\"https:\/\/wberto.com\/wp-content\/uploads\/2026\/02\/referans-5.jpg\" alt=\"\" class=\"wp-image-56\"\/><\/figure>\n<\/div>\n\n\n\n<div class=\"wp-block-group alignfull has-text-color has-background is-layout-flow wp-block-group-is-layout-flow\" style=\"color:#000000;background-color:#ffffff\">\n<div style=\"height:97px\" aria-hidden=\"true\" class=\"wp-block-spacer\"><\/div>\n\n\n\n<p class=\"has-text-align-center has-small-font-size\" style=\"line-height:.9\"><strong>Size \u00d6zel<\/strong><\/p>\n\n\n\n<h2 class=\"wp-block-heading has-text-align-center\" id=\"schedule-a-visit\" style=\"font-size:clamp(32.969px, 2.061rem + ((1vw - 3.2px) * 2.552), 59px);px;line-height:1.15\"><strong>Tasar\u0131mlar\u0131m\u0131z i\u00e7in <\/strong><\/h2>\n\n\n\n<p class=\"has-text-align-center\" id=\"schedule-a-visit\"><\/p>\n\n\n\n<div class=\"wp-block-buttons is-horizontal is-content-justification-center is-layout-flex wp-container-core-buttons-is-layout-03627597 wp-block-buttons-is-layout-flex\">\n<div class=\"wp-block-button has-custom-width wp-block-button__width-50\"><a class=\"wp-block-button__link has-text-color has-background wp-element-button\" href=\"https:\/\/wberto.com\/index.php\/iletisim\/\" style=\"border-radius:50px;color:#ffffff;background-color:#000000\">\u0130leti\u015fime Ge\u00e7in<\/a><\/div>\n<\/div>\n\n\n\n<div style=\"height:64px\" aria-hidden=\"true\" class=\"wp-block-spacer\"><\/div>\n<\/div>\n<\/div>\n\n\n\n<p><\/p>\n","protected":false},"excerpt":{"rendered":"<p>Size \u00d6zel Tasar\u0131mlar\u0131m\u0131z i\u00e7in<\/p>\n","protected":false},"author":1,"featured_media":0,"parent":0,"menu_order":0,"comment_status":"closed","ping_status":"closed","template":"","meta":{"footnotes":""},"class_list":["post-77","page","type-page","status-publish","hentry"],"_links":{"self":[{"href":"https:\/\/wberto.com\/index.php\/wp-json\/wp\/v2\/pages\/77","targetHints":{"allow":["GET"]}}],"collection":[{"href":"https:\/\/wberto.com\/index.php\/wp-json\/wp\/v2\/pages"}],"about":[{"href":"https:\/\/wberto.com\/index.php\/wp-json\/wp\/v2\/types\/page"}],"author":[{"embeddable":true,"href":"https:\/\/wberto.com\/index.php\/wp-json\/wp\/v2\/users\/1"}],"replies":[{"embeddable":true,"href":"https:\/\/wberto.com\/index.php\/wp-json\/wp\/v2\/comments?post=77"}],"version-history":[{"count":5,"href":"https:\/\/wberto.com\/index.php\/wp-json\/wp\/v2\/pages\/77\/revisions"}],"predecessor-version":[{"id":142,"href":"https:\/\/wberto.com\/index.php\/wp-json\/wp\/v2\/pages\/77\/revisions\/142"}],"wp:attachment":[{"href":"https:\/\/wberto.com\/index.php\/wp-json\/wp\/v2\/media?parent=77"}],"curies":[{"name":"wp","href":"https:\/\/api.w.org\/{rel}","templated":true}]}}